{"id":20873,"date":"2026-03-13T13:46:45","date_gmt":"2026-03-13T11:46:45","guid":{"rendered":"https:\/\/renowatt.gr\/?post_type=product&#038;p=20873"},"modified":"2026-04-01T15:15:03","modified_gmt":"2026-04-01T13:15:03","slug":"trifasiki-gennitria-venzinis-10kw","status":"publish","type":"product","link":"https:\/\/renowatt.gr\/?product=trifasiki-gennitria-venzinis-10kw","title":{"rendered":"\u03a4\u03c1\u03b9\u03c6\u03b1\u03c3\u03b9\u03ba\u03ae \u03b3\u03b5\u03bd\u03bd\u03ae\u03c4\u03c1\u03b9\u03b1 \u03b2\u03b5\u03bd\u03b6\u03af\u03bd\u03b7\u03c2 10kW"},"content":{"rendered":"<p><span style=\"font-size: 20px;\"><strong>\u0393\u03b5\u03bd\u03b9\u03ba\u03ac \u03c3\u03c4\u03bf\u03b9\u03c7\u03b5\u03af\u03b1:\u00a0<\/strong><\/span><\/p>\n<ul>\n<li>Three-phase gasoline generator<\/li>\n<li>Adapted for emergency operation and periodic continuous operation<\/li>\n<li>Four-stroke air-cooled petrol engine<\/li>\n<li>Copper winding<\/li>\n<li>Quiet operation (70\u201375 dB)<\/li>\n<li>Easy start-up at low temperatures<\/li>\n<li>Compatibility with backup installations and hybrid inverters (e.g. Deye)<\/li>\n<li>Compact, mobile design<\/li>\n<\/ul>\n<p><span style=\"font-size: 20px;\"><strong>\u03a3\u03c4\u03bf\u03b9\u03c7\u03b5\u03af\u03b1 \u03bb\u03b5\u03b9\u03c4\u03bf\u03c5\u03c1\u03b3\u03af\u03b1\u03c2:<\/strong><\/span><\/p>\n<ul>\n<li>Rated power: 9 kW<\/li>\n<li>Maximum output power: 10 kW<\/li>\n<li>Rated voltage: 230\/400V<\/li>\n<li>Frequency: 50 Hz<\/li>\n<li>Number of phases: Three-phase<\/li>\n<li>Engine speed: 3000 rpm<\/li>\n<li>Continuous operation time: 10\u201312 h<\/li>\n<\/ul>\n<p><span style=\"font-size: 20px;\"><strong>\u0388\u03be\u03c5\u03c0\u03bd\u03b5\u03c2 \u03bb\u03b5\u03b9\u03c4\u03bf\u03c5\u03c1\u03b3\u03af\u03b5\u03c2:<\/strong><\/span><\/p>\n<ul>\n<li><strong>AVR \u2013 automatic voltage stabilization<\/strong><br \/>\nIt ensures safe power supply for connected devices and electronics.<\/li>\n<li><strong>ATS\/GR (optional)<\/strong><br \/>\nPossibility to automatically start the unit after a voltage failure in configurations with a backup system.<\/li>\n<li><strong>Equipment and security:<\/strong>\n<ul>\n<li>short circuit protection switch<\/li>\n<li>fuel level indicator<\/li>\n<li>AC output socket (alternating current)<\/li>\n<li>removable air filter<\/li>\n<li>low oil warning system<\/li>\n<\/ul>\n<\/li>\n<\/ul>\n<p><span style=\"font-size: 20px;\"><strong>\u03a7\u03b1\u03c1\u03b1\u03ba\u03c4\u03b7\u03c1\u03b9\u03c3\u03c4\u03b9\u03ba\u03ac \u03b3\u03b5\u03bd\u03bd\u03ae\u03c4\u03c1\u03b9\u03b1\u03c2:<\/strong><\/span><\/p>\n<ul>\n<li>Engine model: 190F<\/li>\n<li>Engine type: 1 cylinder, 4 stroke, air cooled<\/li>\n<li>Displacement: 455 cm\u00b3<\/li>\n<li>Fuel type: 95 petrol<\/li>\n<li>Fuel consumption: 395 g\/kWh<\/li>\n<li>Fuel tank capacity: 25 l<\/li>\n<li>Starting system: electric<\/li>\n<li>Noise level: 70\u201375 dB<\/li>\n<li>Dimensions (D \u00d7 S \u00d7 W): 730 \u00d7 530 \u00d7 560 mm<\/li>\n<li>Weight: 90 kg<\/li>\n<\/ul>\n<p>&nbsp;<\/p>\n","protected":false},"excerpt":{"rendered":"<p><a href=\"\/wp-content\/uploads\/Solar-PDFs\/GN-B10000.pdf\" target=\"_blank\" rel=\"noopener\"><button class=\"button-66\"><i class=\"fa-regular fa-file-pdf fa-lg\"><\/i> \u03a7\u03b1\u03c1\u03b1\u03ba\u03c4\u03b7\u03c1\u03b9\u03c3\u03c4\u03b9\u03ba\u03ac<\/button><\/a><\/p>\n","protected":false},"featured_media":20876,"template":"","meta":[],"pwb-brand":[],"product_brand":[],"product_cat":[390],"product_tag":[],"class_list":{"0":"post-20873","1":"product","2":"type-product","3":"status-publish","4":"has-post-thumbnail","6":"product_cat-generators","8":"first","9":"instock","10":"taxable","11":"shipping-taxable","12":"purchasable","13":"product-type-simple"},"brands":[],"_links":{"self":[{"href":"https:\/\/renowatt.gr\/index.php?rest_route=\/wp\/v2\/product\/20873","targetHints":{"allow":["GET"]}}],"collection":[{"href":"https:\/\/renowatt.gr\/index.php?rest_route=\/wp\/v2\/product"}],"about":[{"href":"https:\/\/renowatt.gr\/index.php?rest_route=\/wp\/v2\/types\/product"}],"wp:featuredmedia":[{"embeddable":true,"href":"https:\/\/renowatt.gr\/index.php?rest_route=\/wp\/v2\/media\/20876"}],"wp:attachment":[{"href":"https:\/\/renowatt.gr\/index.php?rest_route=%2Fwp%2Fv2%2Fmedia&parent=20873"}],"wp:term":[{"taxonomy":"pwb-brand","embeddable":true,"href":"https:\/\/renowatt.gr\/index.php?rest_route=%2Fwp%2Fv2%2Fpwb-brand&post=20873"},{"taxonomy":"product_brand","embeddable":true,"href":"https:\/\/renowatt.gr\/index.php?rest_route=%2Fwp%2Fv2%2Fproduct_brand&post=20873"},{"taxonomy":"product_cat","embeddable":true,"href":"https:\/\/renowatt.gr\/index.php?rest_route=%2Fwp%2Fv2%2Fproduct_cat&post=20873"},{"taxonomy":"product_tag","embeddable":true,"href":"https:\/\/renowatt.gr\/index.php?rest_route=%2Fwp%2Fv2%2Fproduct_tag&post=20873"}],"curies":[{"name":"wp","href":"https:\/\/api.w.org\/{rel}","templated":true}]}}