{"id":20881,"date":"2026-03-13T14:03:08","date_gmt":"2026-03-13T12:03:08","guid":{"rendered":"https:\/\/renowatt.gr\/?post_type=product&#038;p=20881"},"modified":"2026-04-01T15:15:37","modified_gmt":"2026-04-01T13:15:37","slug":"trifasiki-gennitria-venzinis-15kw","status":"publish","type":"product","link":"https:\/\/renowatt.gr\/?product=trifasiki-gennitria-venzinis-15kw","title":{"rendered":"\u03a4\u03c1\u03b9\u03c6\u03b1\u03c3\u03b9\u03ba\u03ae \u03b3\u03b5\u03bd\u03bd\u03ae\u03c4\u03c1\u03b9\u03b1 \u03b2\u03b5\u03bd\u03b6\u03af\u03bd\u03b7\u03c2 15kW"},"content":{"rendered":"<p><span style=\"font-size: 20px;\"><strong>\u0393\u03b5\u03bd\u03b9\u03ba\u03ac \u03c3\u03c4\u03bf\u03b9\u03c7\u03b5\u03af\u03b1:\u00a0<\/strong><\/span><\/p>\n<ul>\n<li>Three-phase gasoline generator<\/li>\n<li>Adapted for continuous and emergency operation<\/li>\n<li>Two-cylinder, four-stroke, air-cooled gasoline engine<\/li>\n<li>Copper winding<\/li>\n<li>Quiet work in its class (70\u201375 dB)<\/li>\n<li>Easy start-up at low temperatures<\/li>\n<li>Compatibility with backup installations and hybrid inverters (e.g. Deye)<\/li>\n<li>Stable operation under high load<\/li>\n<\/ul>\n<p><span style=\"font-size: 20px;\"><strong>\u03a3\u03c4\u03bf\u03b9\u03c7\u03b5\u03af\u03b1 \u03bb\u03b5\u03b9\u03c4\u03bf\u03c5\u03c1\u03b3\u03af\u03b1\u03c2:<\/strong><\/span><\/p>\n<ul>\n<li><strong>Rated power:<\/strong>\u00a015 kW<\/li>\n<li><strong>Maximum output power:<\/strong>\u00a016 kW<\/li>\n<li><strong>Rated voltage:<\/strong>\u00a0230 \/ 400 V<\/li>\n<li><strong>Frequency:<\/strong>\u00a050 Hz<\/li>\n<li><strong>Number of phases:<\/strong>\u00a0Three-phase<\/li>\n<li><strong>Engine speed:<\/strong>\u00a03000 rpm<\/li>\n<li><strong>Continuous operation time:<\/strong>\u00a0up to 14 hours<\/li>\n<\/ul>\n<p><span style=\"font-size: 20px;\"><strong>\u0388\u03be\u03c5\u03c0\u03bd\u03b5\u03c2 \u03bb\u03b5\u03b9\u03c4\u03bf\u03c5\u03c1\u03b3\u03af\u03b5\u03c2:<\/strong><\/span><\/p>\n<ul>\n<li><strong>AVR \u2013 automatic voltage stabilization<\/strong><br \/>\nIt ensures safe power supply for connected devices and electronics.<\/li>\n<li><strong>ATS\/GR (optional)<\/strong><br \/>\nPossibility to automatically start the unit after a voltage failure in configurations with a backup system.<\/li>\n<li><strong>Equipment and security:<\/strong>\n<ul>\n<li>short circuit protection switch<\/li>\n<li>fuel level indicator<\/li>\n<li>AC output socket (alternating current)<\/li>\n<li>removable air filter<\/li>\n<li>low oil warning system<\/li>\n<\/ul>\n<\/li>\n<\/ul>\n<p><span style=\"font-size: 20px;\"><strong>\u03a7\u03b1\u03c1\u03b1\u03ba\u03c4\u03b7\u03c1\u03b9\u03c3\u03c4\u03b9\u03ba\u03ac \u03b3\u03b5\u03bd\u03bd\u03ae\u03c4\u03c1\u03b9\u03b1\u03c2:<\/strong><\/span><\/p>\n<ul>\n<li>Engine model: 2V80F<\/li>\n<li>Engine type: 2-cylinder, 4-stroke, air cooled<\/li>\n<li>Displacement: 997 cm\u00b3<\/li>\n<li>Fuel type: 95 petrol<\/li>\n<li>Fuel consumption: 295 g\/kWh<\/li>\n<li>Fuel tank capacity: 25 l<\/li>\n<li>Starting system: electric<\/li>\n<li>Noise level: 70\u201375 dB<\/li>\n<li>Dimensions (D \u00d7 S \u00d7 W): 970 \u00d7 640 \u00d7 780 mm<\/li>\n<li>Weight: 115 kg<\/li>\n<\/ul>\n<p>&nbsp;<\/p>\n","protected":false},"excerpt":{"rendered":"<p><a href=\"\/wp-content\/uploads\/Solar-PDFs\/GN-B15000.pdf\" target=\"_blank\" rel=\"noopener\"><button class=\"button-66\"><i class=\"fa-regular fa-file-pdf fa-lg\"><\/i> \u03a7\u03b1\u03c1\u03b1\u03ba\u03c4\u03b7\u03c1\u03b9\u03c3\u03c4\u03b9\u03ba\u03ac<\/button><\/a><\/p>\n","protected":false},"featured_media":20883,"template":"","meta":[],"pwb-brand":[],"product_brand":[],"product_cat":[390],"product_tag":[],"class_list":{"0":"post-20881","1":"product","2":"type-product","3":"status-publish","4":"has-post-thumbnail","6":"product_cat-generators","8":"first","9":"instock","10":"taxable","11":"shipping-taxable","12":"purchasable","13":"product-type-simple"},"brands":[],"_links":{"self":[{"href":"https:\/\/renowatt.gr\/index.php?rest_route=\/wp\/v2\/product\/20881","targetHints":{"allow":["GET"]}}],"collection":[{"href":"https:\/\/renowatt.gr\/index.php?rest_route=\/wp\/v2\/product"}],"about":[{"href":"https:\/\/renowatt.gr\/index.php?rest_route=\/wp\/v2\/types\/product"}],"wp:featuredmedia":[{"embeddable":true,"href":"https:\/\/renowatt.gr\/index.php?rest_route=\/wp\/v2\/media\/20883"}],"wp:attachment":[{"href":"https:\/\/renowatt.gr\/index.php?rest_route=%2Fwp%2Fv2%2Fmedia&parent=20881"}],"wp:term":[{"taxonomy":"pwb-brand","embeddable":true,"href":"https:\/\/renowatt.gr\/index.php?rest_route=%2Fwp%2Fv2%2Fpwb-brand&post=20881"},{"taxonomy":"product_brand","embeddable":true,"href":"https:\/\/renowatt.gr\/index.php?rest_route=%2Fwp%2Fv2%2Fproduct_brand&post=20881"},{"taxonomy":"product_cat","embeddable":true,"href":"https:\/\/renowatt.gr\/index.php?rest_route=%2Fwp%2Fv2%2Fproduct_cat&post=20881"},{"taxonomy":"product_tag","embeddable":true,"href":"https:\/\/renowatt.gr\/index.php?rest_route=%2Fwp%2Fv2%2Fproduct_tag&post=20881"}],"curies":[{"name":"wp","href":"https:\/\/api.w.org\/{rel}","templated":true}]}}