{"id":20904,"date":"2026-03-16T11:23:46","date_gmt":"2026-03-16T09:23:46","guid":{"rendered":"https:\/\/renowatt.gr\/?post_type=product&#038;p=20904"},"modified":"2026-04-01T15:13:15","modified_gmt":"2026-04-01T13:13:15","slug":"trifasiki-gennitria-petrelaiou-trochilati-20kw","status":"publish","type":"product","link":"https:\/\/renowatt.gr\/?product=trifasiki-gennitria-petrelaiou-trochilati-20kw","title":{"rendered":"\u03a4\u03c1\u03b9\u03c6\u03b1\u03c3\u03b9\u03ba\u03ae \u03b3\u03b5\u03bd\u03bd\u03ae\u03c4\u03c1\u03b9\u03b1 \u03c0\u03b5\u03c4\u03c1\u03b5\u03bb\u03b1\u03af\u03bf\u03c5 \u03c4\u03c1\u03bf\u03c7\u03ae\u03bb\u03b1\u03c4\u03b7 20kW"},"content":{"rendered":"<p><span style=\"font-size: 20px;\"><strong>\u0393\u03b5\u03bd\u03b9\u03ba\u03ac \u03c3\u03c4\u03bf\u03b9\u03c7\u03b5\u03af\u03b1:\u00a0<\/strong><\/span><\/p>\n<ul>\n<li>Three-phase generator with Diesel engine<\/li>\n<li>Designed for continuous and emergency operation<\/li>\n<li>Two-cylinder liquid-cooled diesel engine<\/li>\n<li>Rotational speed 1500 rpm \u2013 longer service life<\/li>\n<li>Copper winding<\/li>\n<li>Stable and quiet work in your classroom<\/li>\n<li>Compatibility with backup installations and hybrid inverters (e.g. Deye)<\/li>\n<\/ul>\n<p><span style=\"font-size: 20px;\"><strong>\u03a3\u03c4\u03bf\u03b9\u03c7\u03b5\u03af\u03b1 \u03bb\u03b5\u03b9\u03c4\u03bf\u03c5\u03c1\u03b3\u03af\u03b1\u03c2:<\/strong><\/span><\/p>\n<ul>\n<li><strong>Rated power:<\/strong>\u00a018 kW<\/li>\n<li><strong>Maximum output power:<\/strong>\u00a020 kW<\/li>\n<li><strong>Rated voltage:<\/strong>\u00a0230 \/ 400 V<\/li>\n<li><strong>Frequency:<\/strong>\u00a050 Hz<\/li>\n<li><strong>Rated current:<\/strong>\u00a036 A<\/li>\n<li><strong>Power factor (cos \u03c6):<\/strong>\u00a00.8<\/li>\n<li><strong>Engine speed:<\/strong>\u00a01500 rpm<\/li>\n<li><strong>Number of phases:<\/strong>\u00a0Three-phase<\/li>\n<\/ul>\n<p><span style=\"font-size: 20px;\"><strong>\u0388\u03be\u03c5\u03c0\u03bd\u03b5\u03c2 \u03bb\u03b5\u03b9\u03c4\u03bf\u03c5\u03c1\u03b3\u03af\u03b5\u03c2:<\/strong><\/span><\/p>\n<ul>\n<li><strong>AVR<\/strong>\u00a0\u2013 automatic voltage stabilization<br \/>\nProvides safe voltage for: hybrid inverters, energy storage, CO controllers and electronics.<\/li>\n<li><strong>ATS\/GR (optional)<\/strong><br \/>\nAutomatic start of the unit after a power outage from the mains and automatic power switch.<\/li>\n<li><strong>Collaboration facility<\/strong>: with hybrid inverter, or autonomously (without inverter).<\/li>\n<\/ul>\n<p><span style=\"font-size: 20px;\"><strong>\u03a7\u03b1\u03c1\u03b1\u03ba\u03c4\u03b7\u03c1\u03b9\u03c3\u03c4\u03b9\u03ba\u03ac \u03b3\u03b5\u03bd\u03bd\u03ae\u03c4\u03c1\u03b9\u03b1\u03c2:<\/strong><\/span><\/p>\n<ul>\n<li>Engine model: 2L110<\/li>\n<li>Engine type: double cylinder, vertical, four stroke, liquid cooled, diesel<\/li>\n<li>Displacement: 1063 cm\u00b3<\/li>\n<li>Cylinder diameter \u00d7 piston stroke: 2V92 \u00d7 85 mm<\/li>\n<li>Fuel type: diesel fuel<\/li>\n<li>Fuel consumption: 295 g\/kWh<\/li>\n<li>Fuel tank capacity: 25 l<\/li>\n<li>Engine oil capacity: 3.8 l<\/li>\n<li>Noise level: approx. 97 dB<\/li>\n<li>Dimensions (D \u00d7 S \u00d7 W): 1260 \u00d7 750 \u00d7 1110 mm<\/li>\n<li>Weight: 530 kg<\/li>\n<\/ul>\n<p>&nbsp;<\/p>\n<p>&nbsp;<\/p>\n","protected":false},"excerpt":{"rendered":"<p><a href=\"\/wp-content\/uploads\/Solar-PDFs\/GN-D20000.pdf\" target=\"_blank\" rel=\"noopener\"><button class=\"button-66\"><i class=\"fa-regular fa-file-pdf fa-lg\"><\/i> \u03a7\u03b1\u03c1\u03b1\u03ba\u03c4\u03b7\u03c1\u03b9\u03c3\u03c4\u03b9\u03ba\u03ac<\/button><\/a><\/p>\n","protected":false},"featured_media":20905,"template":"","meta":[],"pwb-brand":[],"product_brand":[],"product_cat":[390],"product_tag":[],"class_list":{"0":"post-20904","1":"product","2":"type-product","3":"status-publish","4":"has-post-thumbnail","6":"product_cat-generators","8":"first","9":"instock","10":"taxable","11":"shipping-taxable","12":"purchasable","13":"product-type-simple"},"brands":[],"_links":{"self":[{"href":"https:\/\/renowatt.gr\/index.php?rest_route=\/wp\/v2\/product\/20904","targetHints":{"allow":["GET"]}}],"collection":[{"href":"https:\/\/renowatt.gr\/index.php?rest_route=\/wp\/v2\/product"}],"about":[{"href":"https:\/\/renowatt.gr\/index.php?rest_route=\/wp\/v2\/types\/product"}],"wp:featuredmedia":[{"embeddable":true,"href":"https:\/\/renowatt.gr\/index.php?rest_route=\/wp\/v2\/media\/20905"}],"wp:attachment":[{"href":"https:\/\/renowatt.gr\/index.php?rest_route=%2Fwp%2Fv2%2Fmedia&parent=20904"}],"wp:term":[{"taxonomy":"pwb-brand","embeddable":true,"href":"https:\/\/renowatt.gr\/index.php?rest_route=%2Fwp%2Fv2%2Fpwb-brand&post=20904"},{"taxonomy":"product_brand","embeddable":true,"href":"https:\/\/renowatt.gr\/index.php?rest_route=%2Fwp%2Fv2%2Fproduct_brand&post=20904"},{"taxonomy":"product_cat","embeddable":true,"href":"https:\/\/renowatt.gr\/index.php?rest_route=%2Fwp%2Fv2%2Fproduct_cat&post=20904"},{"taxonomy":"product_tag","embeddable":true,"href":"https:\/\/renowatt.gr\/index.php?rest_route=%2Fwp%2Fv2%2Fproduct_tag&post=20904"}],"curies":[{"name":"wp","href":"https:\/\/api.w.org\/{rel}","templated":true}]}}